{"id":18,"date":"2012-01-06T05:30:19","date_gmt":"2012-01-06T04:30:19","guid":{"rendered":"http:\/\/www.gerhard-mangott.at\/?page_id=18"},"modified":"2026-04-11T18:37:18","modified_gmt":"2026-04-11T16:37:18","slug":"publications","status":"publish","type":"page","link":"https:\/\/www.gerhard-mangott.at\/?page_id=18","title":{"rendered":"Publications"},"content":{"rendered":"<p style=\"text-align: justify;\"><strong>Books<\/strong><\/p>\n<p>Russland, Ukraine und die Zukunft. Wien: Brandst\u00e4tter Verlag 2024.<\/p>\n<p>Together with Julian Walterskirchen and Clara Wend. Sanction dynamics in the cases of North Korea, Iran and Russia: Objectives, Measures and Effects. Springer Verlag 2022.<\/p>\n<p style=\"text-align: justify;\"><a href=\"http:\/\/www.amazon.de\/russische-Ph%C3%B6nix-Das-Erbe-Asche\/dp\/3218007909\/ref=sr_1_9?ie=UTF8&amp;s=books&amp;qid=1229386224&amp;sr=1-9\">Der russische Ph\u00f6nix<\/a>. Das Erbe aus der Asche. Wien: Kremayr und Scheriau 2009.<\/p>\n<p class=\"MsoNormal\" style=\"text-align: justify;\">Gemeinsam mit D. Hamilton. <span lang=\"EN-US\"><a href=\"http:\/\/www.gerhard-mangott.at\/?attachment_id=274\">The Wider Black Sea Region in the 21st Century<\/a>: Strategic, Economic and Energy Perspectives. Washington, DC: Center for Transatlantic Relations 2008. <\/span><\/p>\n<p style=\"text-align: justify;\">Gemeinsam mit D. Hamilton. The New Eastern Europe. Ukraine, Belarus and Moldova. Washington, DC: Center for Transatlantic Relations 2007.<\/p>\n<p style=\"text-align: justify;\">Gemeinsam mit F. Eder und M. Senn. Transatlantic Discord. Combatting Proliferation and Terrorism, Preventing Crises. Baden-Baden: Nomos 2007.<\/p>\n<p style=\"text-align: justify;\">Gemeinsam mit P. Filzmaier, L. Gewessler und O. H\u00f6ll, Internationale Politik. Eine Einf\u00fchrung. Wien: WUV\/UTB 2006.<\/p>\n<p style=\"text-align: justify;\">Gemeinsam mit D. Trenin, M. Senn und H. Timmermann, Russlands R\u00fcckkehr. Au\u00dfenpolitik unter Vladimir Putin. Baden-Baden: Nomos 2005. Darin der Beitrag \u201eRusslands Au\u00dfenpolitik. F\u00e4higkeiten und Optionen\u201c,\u00a0 pp. 15\u2013122.<\/p>\n<p style=\"text-align: justify;\">Autor, Zur Demokratisierung Russlands. Band 1: Russland als defekte Demokratie. Baden-Baden: Nomos 2002.<\/p>\n<p style=\"text-align: justify;\">Herausgeber, Zur Demokratisierung Russlands. Band 2: Leadership, Parteien, Regionen und Zivilgesellschaft. Baden-Baden: Nomos 2002.<\/p>\n<p style=\"text-align: justify;\">Gemeinsam mit L. Kauer, Der Fall Russland: Wegmarken eines Machtwechsels. Baden-Baden: Nomos 2001. Darin die Kapitel \u201eDie Staatsdumawahl 1999 als Beginn der Macht\u00fcbergabe\u201c [S. 11\u201332] und \u201eRusslands Fall. Von der Global- zur Regionalmacht [S. 59\u201391].<\/p>\n<p style=\"text-align: justify;\">Gemeinsam mit H. Waldrauch und S. Day, Democratic Consolidation. The International Dimension. Hungary, Poland, and Spain. Baden-Baden: Nomos 2000. Darin die Kapitel \u201eInternational Influences on Democratic Consolidation: Remarks and Hypotheses\u201c [S. 15\u201352] \u201eDemocratic Consolidation and the Influence of International Factors\u201c [S. 335\u2013347].<\/p>\n<p style=\"text-align: justify;\">Herausgeber, Brennpunkt S\u00fcdkaukasus. Aufbruch nach Krieg, Vertreibung und Willk\u00fcrherrschaft? Wien: Braum\u00fcller 1999.<\/p>\n<p style=\"text-align: justify;\">Gemeinsam mit P. Havlik, B\u00fcrden auferlegter Unabh\u00e4ngigkeit. Neue Staaten im post-sowjetischen Zentralasien. Wien: Braum\u00fcller 1996. Darin die Kapitel \u201eUnwillkommene Neue?\u201c [S. 1\u20134], \u201eDie innere Dimension\u201c [S. 5\u2013146] und \u201eZusammenfassung\u201c [S. 241\u2013246].<\/p>\n<p style=\"text-align: justify;\"><strong><br \/>\nContributions to Anthologies and Major Research Reports<br \/>\n<\/strong><\/p>\n<p>Die Reversibilit\u00e4t der Demokratie. Fallstudie zu Putins Russland (forthcoming 2026)<\/p>\n<p>Gemeinsam mit Otto Nils D\u00fcrr, Russland als revisionistische Macht: In: Artz, Johannes; Akbulut, Hakan (Hrsg.). Weltordnung und Weltordnungspolitik der USA von Trump zu Biden. Springer Verlag 2023, S. 191-213.<\/p>\n<p>Gemeinsam mit Franz Cede, Die Au\u00dfenpolitik gegen\u00fcber Russland. In: Senn, Martin; Eder, Franz; Kornprobst, Markus (Hrsg.). Handbuch Au\u00dfenpolitik \u00d6sterreichs. Springer VS, 2022, S. 555-578.<\/p>\n<p>Russlands Beziehungen mit der Europ\u00e4ischen Union. In: Bundesministerium f\u00fcr Landesverteidigung (ed.). Sicher. Und morgen? Risikolandschaft \u00d6sterreich 2022, Wien: 2022, S. 77-81<\/p>\n<p>Russland und die USA im internationalisierten Gewaltkonflikt in Syrien 2011-2020. In: Akbulut, Hakan et al. (eds.). Umbruch, Zerfall und Restauration. Der Nahe Osten im Spannungsfeld regionaler Akteure und externer M\u00e4chte. Baden-Baden: Nomos 2022, S. 189-220.<\/p>\n<p>Russland: Zwischen Feindbild und notwendigem Diskurs. Ein Gespr\u00e4ch. In: M\u00fcller, Bernhard; Weinstabl, Constantin (eds.). Sozialdemokratische Au\u00dfenpolitik. Wien: Promedia, 2021, pp. 223-230.<\/p>\n<p>A Promising Effort Ending in Disaster. Die Russlandpolitik der USA von Trump zu Biden. In: B\u00f6ller, Florian; Hagemann, Steffen; Herr, Lukas; M\u00fcller, Marcus (eds.). Weltmacht und Demokratie. Die Au\u00dfen- und Sicherheitspolitik der USA nach der \u00c4ra Trump. Baden Baden: Nomos 2021, pp. 285-302.<\/p>\n<p>Denuclearization \u2013 A Pie in the Sky?\u00a0Die Krise um das Nuklear- und Raketenprogramm Nordkoreas. In: Akbulut, H. (Hrsg.). Von der Krise zum Kollaps? Stand und Perspektiven nuklearer Abr\u00fcstung, R\u00fcstungskontrolle und Nichtverbreitung. Edition ZfAS. Springer VS, Wiesbaden 2021.<\/p>\n<p>Russland und die Konflikte im Schwarzmeerraum. In: B\u00fcro f\u00fcr Sicherheitspolitik (Hrsg.). Sicher. Und morgen? Sicherheitspolitische Jahresvorschau 2020, S.147-152.<\/p>\n<p>Partenaires et amis. Des relations de proximit\u00e9 de l\u2019Autriche avec la Russia. In: Dubien, Arnaud (ed.). Russie 2019. Regards de l\u2019Observatoire franco-russe. Paris 2019, pp. 60-62.<\/p>\n<p>Zwischen Ambivalenz und offenem Bruch. Die Beziehungen der USA zu Russland unter Trump. In: Herr et al (eds.), Weltmacht im Abseits. Amerikanische Au\u00dfenpolitik in der \u00c4ra Donald Trump. Baden-Baden: Nomos 2019, S. 279-312.<\/p>\n<p>Von der \u00d6stlichen Partnerschaft zur \u00d6stlichen Spaltung. \u00d6GFE Policy Brief 9, 2019.<\/p>\n<p style=\"text-align: justify;\">Gescheiterte Demokratie und autorit\u00e4re Konsolidierung: Die russische F\u00f6deration von Boris Jelzin bis Wladimir Putin. In: Gehler, Michael et al (Hrsg.) Internationale Geschichte im globalen Wandel. Hildesheimer Europagespr\u00e4che IV. Teilband 2. Hildesheim-Z\u00fcrich-New York: 2018, S. 959-966.<\/p>\n<p style=\"text-align: justify;\">F\u00fcr den Westen hat Russland den Kalten Krieg verloren. F\u00fcr die Russen waren sie es, die wesentlich zu seinem Ende beigetragen haben. In: Gehler, Michael et al (Hrsg.) Internationale Geschichte im globalen Wandel. Hildesheimer Europagespr\u00e4che IV. Teilband 1. Hildesheim-Z\u00fcrich-New York: 2018, S. 967-1006.<\/p>\n<p style=\"text-align: justify;\">Russland und der B\u00fcrgerkrieg in Syrien. In: Edlinger, Fritz (Hrsg.). Der Nahe Osten brennt. Zwischen syrischem B\u00fcrgerkrieg und Weltkrieg. Wien: 2016, S.\u00a0159-176.<\/p>\n<p style=\"text-align: justify;\">Together with Franz Eder, From Reset to Paralysis. Die Beziehungen zu Russland und die Zukunft der amerikanischen Weltf\u00fchrungspolitik. In: Hagemann, Steffen; T\u00f6nnesmann, Wolfgang; Wilzewski, J\u00fcrgen (Hrsg.). Weltmacht vor neuen Herausforderungen. Die Au\u00dfenpolitik der USA in der \u00c4ra Obama, S. 181-220.<\/p>\n<p style=\"text-align: justify;\">Russland und seine Nachbarn. Innere Stabilit\u00e4t, Integrationsrivalit\u00e4t mit der EU und die Rolle als Gasversorger der EU-27. Studie f\u00fcr das Bundesministerium f\u00fcr europ\u00e4ische und ausw\u00e4rtige Angelegenheiten \u00d6sterreichs. Juni 2012 (confidential).<\/p>\n<p style=\"text-align: justify;\">Die Sicherheitsdimension der Gasversorgung \u00d6sterreichs. Studie f\u00fcr das Bundeskanzleramt \u00d6sterreichs. Mai 2012 (confidential).<\/p>\n<p style=\"text-align: justify;\">Putins R\u00fcckkehr und das Menetekel des Kontrollverlustes. In: Europ\u00e4ische Rundschau 2, 2012, S. 29\u250037.<\/p>\n<p style=\"text-align: justify;\">Austria. In: Lobjakas, Ahto; M\u00f6lder, Martin (eds.). EU-Russia Watch 2012. Tartu: Tartu University Press, pp. 17-21.<\/p>\n<p style=\"text-align: justify;\">Gest\u00f6rte Leitungen. Russland und die Gasversorgung der EU. In: Erler, Gernot; Schulze, Peter W. (Hrsg.). Die Europ\u00e4isierung Russlands. Moskau zwischen Modernisierungspartnerschaft und Gro\u00dfmachtrolle. Frankfurt am Main: 2012, S. 189\u2500213.<\/p>\n<p style=\"text-align: justify;\">Putin 2.012. Russland nach den Pr\u00e4sidentenwahlen. Wien: oiip 13.3.2012.<\/p>\n<p style=\"text-align: justify;\">Versorgung \u00d6sterreichs mit Erdgas. Kurzskizze strategischer Herausforderungen. Studie f\u00fcr das Bundeskanzleramt, M\u00e4rz 2012 (confidential).<\/p>\n<p style=\"text-align: justify;\">\u00c4mtertausch und kontrollierte Wahlniederlage. Russland an der Schwelle zu neuer Instabilit\u00e4t. Policy Paper f\u00fcr das \u00d6sterreichische Institut f\u00fcr Internationale Politik (OIIP) am 19. Dezember 2011.<\/p>\n<p style=\"text-align: justify;\">Nordafrika und die Roh\u00f6lversorgung der EU. Classified Paper f\u00fcr das \u00d6sterreichische Institut f\u00fcr Internationale Politik (OIIP) am 23. M\u00e4rz 2011.<\/p>\n<p style=\"text-align: justify;\">EU Gas Supplies Security: Russian and EU Perspectives, the Role of the Caspian, the Middle East and the Maghreb Countries. wiiw Research Reports 367, Dezember 2010.<\/p>\n<p style=\"text-align: justify;\">Forschungsbericht \u201a EU Gas Supplies Security: Russian and EU Perspectives, the role of the Caspian, the Middle East and the Maghreb countries.\u2019 F\u00fcr das \u2018Wiener Institut f\u00fcr Internationale Wirtschaftsvergleiche \u2018 (wiiw) in Wien \u2013 vorgelegt im November 2010.<\/p>\n<p style=\"text-align: justify;\">Forschungsbericht \u201aDer Schwarzmeerraum. Sozial-demografische Faktoren, politische Stabilit\u00e4t, regionale Konflikte und Energiesicherheit\u2018 f\u00fcr die Schwarzmeerinitiative der \u00f6sterreichischen Bundesregierung \u2013 vorgelegt im Mai 2010.<\/p>\n<p style=\"text-align: justify;\">Ru\u00dflands versperrter Weg aus dem Zur\u00fcck. In: Veen, Hans-Joachim; M\u00e4rz, Peter; Schlichting, Franz-Josef. Die Folgen der Revolution. 20 Jahre nach dem Kommunismus. Wien: B\u00f6hlau 2010, S.\u00a0101\u2013120.<\/p>\n<p style=\"text-align: justify;\">Wertekluft zwischen EU und Russland: Auswirkungen auf die Energiezusammenarbeit. In: EALIZ, Europ\u00e4ische Sicherheit im Wandel der Zeit oder Wie zukunftsf\u00e4hig ist Europa? Krems 2009, S.\u00a0189-198.<\/p>\n<p style=\"text-align: justify;\">Im Widerstreit von Werten und Interessen. Die Beziehungen der EU mit Russland oder gesinnungsethische Illusionen. In: Pelinka, Anton; Plasser, Fritz (Hrsg.). Europ\u00e4isch Denken und Lehren. Festschrift f\u00fcr Heinrich Neisser. Innsbruck: innsbruck university press 2007, p. 193-200.<\/p>\n<p style=\"text-align: justify;\">Gemeinsam mit F. Eder und M. Senn. Understanding Mars and Venus: A Model for Security. In: Eder F., Mangott, G. und Senn M. Transatlantic Discord. Combating Terrorism and Proliferation, Preventing Crises. Nomos: Baden Baden 2007, S. 9-30.<\/p>\n<p style=\"text-align: justify;\">Cecnja &#8211; Die russl\u00e4ndische Trag\u00f6die und die verlorene Generation. In: \u00d6sterreichisches Studienzentrum f\u00fcr Frieden und Konfliktl\u00f6sung (Hrsg.). Der Krieg der Armen? Der internationale Terrorismus in der neuen Weltordnung. M\u00fcnster: agenda 2005, S. 176-191.<\/p>\n<p style=\"text-align: justify;\">Russia \u2013 The Emergence of a (Mis-)Managed Democracy. In: Hinteregger, Gerald; Heinrich, Hans-Georg (Hrsg.). Russia \u2013 Continuity and Change. Wien, New York: Springer 2004, S. 49\u201374.<\/p>\n<p style=\"text-align: justify;\">Russlands Abschied von der globalen Bedeutung. Handlungskorridore, Konzepte, Aktionsradien und Perspektiven russl\u00e4ndischer Au\u00dfenpolitik. In: Filzmaier, Peter; Fuchs, Eduard (Hrsg). Superm\u00e4chte. Zentrale Akteure der Weltpolitik. Wien: Studienverlag 2003, S. 64\u201377.<\/p>\n<p style=\"text-align: justify;\">Putinland. Bemerkungen zur russl\u00e4ndischen Innen- und Au\u00dfenpolitik seit dem Amtsantritt Putins. In: \u00d6sterreichisches Jahrbuch f\u00fcr Internationale Politik 2002. Wien: 2003, S. 87\u2013118.<\/p>\n<p style=\"text-align: justify;\">Russian Policies on Central and Eastern Europe. In: Luif, Paul (Hrsg.). Security in Central and Eastern Europe. Problems, Perceptions, Policies. Wien: Braum\u00fcller 2001, S. 385\u2013422.<\/p>\n<p style=\"text-align: justify;\">Farewell to Russia: The Decline of a Global Power. In: G\u00e4rtner, Heinz; Hyde-Price, Adrian; Reiter, Erich. (Hrsg.). Europe\u2019s New Security Challenges. Boulder\/CO: Lynne Rienner Publisher 2000, S. 379\u2013406.<\/p>\n<p style=\"text-align: justify;\">Ru\u00dflands Kehrtwende? In: \u00d6sterreichisches Jahrbuch f\u00fcr Internationale Politik 2000. Wien: Braum\u00fcller-Verlag 2000, S. 134\u2013184.<\/p>\n<p style=\"text-align: justify;\"><strong><br \/>\nArticles in Scientific Journals and Research Reports<\/strong><\/p>\n<p>Together with Felix Moosmann and David Niedertscheider-Plotegher. North Korea&#8217;s Fait Accompli. Dealing with the North Korean Nuclear Arsenal and the Risk of Global Proliferation. In: Zeitschrift f\u00fcr Au\u00dfen- und Sicherheitspolitik 18 (2), 2025, S. 215-228.<\/p>\n<p style=\"text-align: justify;\">Together with Martin Senn, Boycotts, bombs or bargains? Eine Analyse von Strategien im Umgang mit Nordkoreas Nuklearwaffenprogramm. In: Zeitschrift f\u00fcr Au\u00dfen- und Sicherheitspolitik 1, 2017, pp . 13-27.<\/p>\n<p style=\"text-align: justify;\">Putin 2.012. Russland nach den Pr\u00e4sidentenwahlen. Wien: oiip, 13.3.2012.<\/p>\n<p style=\"text-align: justify;\">Kampfrhetorik und &#8220;saubere Siege&#8221;. Die ausgestreckte Hand Putins ist unabdingbar. In: <a href=\"http:\/\/www.laender-analysen.de\/dlcounter\/dlcounter.php?url=..\/russland\/pdf\/Russlandanalysen235.pdf\">Russland-Analysen 235<\/a>, (9.3.) 2012, pp. 2-4.<\/p>\n<p style=\"text-align: justify;\"><a href=\"http:\/\/publications.wiiw.ac.at\/?action=publ&amp;id=details&amp;publ=RR367\">EU Gas Supplies Security: Russian and EU Perspectives, the Role of the Caspian, the Middle East and the Maghreb Countries<\/a>. wiiw Research Reports 367, December 2010.<\/p>\n<p style=\"text-align: justify;\"><a href=\"http:\/\/www.bundeswehr.de\/fileserving\/PortalFiles\/02DB131300000001\/W27UNHG7346INFODE\/iii_1_die-eu-und-russland_eine-interessengemeinschaft.pdf\">Ru\u00dfland und die Euop\u00e4ische Union &#8211; eine Interessensgemeinschaft?<\/a> Zur Entwicklung der aktuellen Beziehungen der EU zu Russland.\u00a0 Reader Sicherheitspolitik der Deutschen Bundeswehr, August 2009.<\/p>\n<p style=\"text-align: justify;\">Interessen statt Werte. \u00dcberlegungen zu einer realistischen Russlandpolitik der EU. In: Welttrends Vo. 61, July\/August 2008, pp. 87-99.<br \/>\nThis article will be reprinted in the Yearbook of European Integration published by the University of Poznan in Polish language.<\/p>\n<p style=\"text-align: justify;\">Gemeinsam mit M. Senn. Dem B\u00e4ren auf die Klauen (sc)hauen. Die U.S.-Raketenabwehr als strategisches Problem f\u00fcr Russland. In: Welttrends 15, No. 56, 2007, pp. 125-139.<\/p>\n<p style=\"text-align: justify;\">Gemeinsam mit M. Senn. R\u00fcckkehr zum kalten Krieg? Das russl\u00e4ndisch-amerikanische Zerw\u00fcrfnis \u00fcber die Raketenabwehr in Osteuropa. In: Internationale Politik und Gesellschaft 4, 2007, S. 11-22.<\/p>\n<p style=\"text-align: justify;\">Gemeinsam mit M. Senn. Pflicht zum Verzicht. Kriterien f\u00fcr den Umgang mit potentiellen Nuklearstaaten. In: Internationale Politik 5, 2007, S. 89-99.<\/p>\n<p style=\"text-align: justify;\">Gemeinsam mit Martin Senn. Unter Beobachtung. Russlands milit\u00e4rische Risiken durch die ballistische Raketenabwehr im \u00f6stlichen Europa. In: Russlandanalysen 153, 14. Dezember 2007, S. 10\u201311.<\/p>\n<p style=\"text-align: justify;\">Die Regelung der Nachfolge Vladimir Putins als Staatspr\u00e4sident Russlands. In: EU-Russia Centre (Hrsg.) Der EU-Russland Report 3, 2007, S. 19\u201322.<\/p>\n<p style=\"text-align: justify;\">Nuklearer Frost. Russland und die USA am Rande des nuklearen Wettr\u00fcstens. In: Russland Analysen 129, (9.3.) 2007, S. 2\u20135.<\/p>\n<p style=\"text-align: justify;\">Oranges Pharis\u00e4ertum. In: Ukraine-Analysen 22, 2007, S. 5-6.<\/p>\n<p style=\"text-align: justify;\">Werte oder Interessen. Die Beziehungen der EU mit Russland oder gesinnungsethische Illusionen. In: Russland Analysen 121, (8.12.) 2006, S.11\u201312.<\/p>\n<p style=\"text-align: justify;\">Die russl\u00e4ndische Trag\u00f6die und die verlorene Generation. In: Ost-West Gegeninformationen 1, 2005, S. 49\u201352 und S. 59.<\/p>\n<p style=\"text-align: justify;\">Demokratische Stabilit\u00e4t in Osteuropa 2003. In: Europ\u00e4ische Rundschau 4, 2003, S. 41\u201356.<\/p>\n<p style=\"text-align: justify;\">A Giant on Its Knees: Structural Constraints on Russia\u2019s Global Role. In: International Politics 4 (Winter), 2000, S. 479\u2013508.<\/p>\n<p style=\"text-align: justify;\">Russian Policies on Central and Eastern Europe: An Overview. In: European Security 8:3, (Fall) 1999, S. 44\u201381.<\/p>\n<p style=\"text-align: justify;\">Autorit\u00e4re Demokratie und instabile Identit\u00e4ten. Ru\u00dfland auf der Suche nach Stabilit\u00e4t und innerer wie \u00e4u\u00dferer Sicherheit. In: Osteuropa 6, 1996, S. 582\u2013596.<\/p>\n<p style=\"text-align: justify;\"><strong><br \/>\nAuthor of numerous articles in national and international newspapers, magazines, blogs, online publications, numerous interviews for national and international radio and TV-stations. <\/strong><\/p>\n","protected":false},"excerpt":{"rendered":"<p>Books Russland, Ukraine und die Zukunft. Wien: Brandst\u00e4tter Verlag 2024. Together with Julian Walterskirchen and Clara Wend. Sanction dynamics in the cases of North Korea, Iran and Russia: Objectives, Measures and Effects. Springer Verlag 2022. Der russische Ph\u00f6nix. Das Erbe aus der Asche. Wien: Kremayr und Scheriau 2009. Gemeinsam mit D. Hamilton. The Wider Black &hellip; <a href=\"https:\/\/www.gerhard-mangott.at\/?page_id=18\" class=\"more-link\">Continue reading <span class=\"screen-reader-text\">Publications<\/span> <span class=\"meta-nav\">&rarr;<\/span><\/a><\/p>\n","protected":false},"author":2,"featured_media":0,"parent":0,"menu_order":50,"comment_status":"closed","ping_status":"closed","template":"","meta":{"_monsterinsights_skip_tracking":false,"_monsterinsights_sitenote_active":false,"_monsterinsights_sitenote_note":"","_monsterinsights_sitenote_category":0,"footnotes":""},"class_list":["post-18","page","type-page","status-publish","hentry"],"_links":{"self":[{"href":"https:\/\/www.gerhard-mangott.at\/index.php?rest_route=\/wp\/v2\/pages\/18","targetHints":{"allow":["GET"]}}],"collection":[{"href":"https:\/\/www.gerhard-mangott.at\/index.php?rest_route=\/wp\/v2\/pages"}],"about":[{"href":"https:\/\/www.gerhard-mangott.at\/index.php?rest_route=\/wp\/v2\/types\/page"}],"author":[{"embeddable":true,"href":"https:\/\/www.gerhard-mangott.at\/index.php?rest_route=\/wp\/v2\/users\/2"}],"replies":[{"embeddable":true,"href":"https:\/\/www.gerhard-mangott.at\/index.php?rest_route=%2Fwp%2Fv2%2Fcomments&post=18"}],"version-history":[{"count":71,"href":"https:\/\/www.gerhard-mangott.at\/index.php?rest_route=\/wp\/v2\/pages\/18\/revisions"}],"predecessor-version":[{"id":5387,"href":"https:\/\/www.gerhard-mangott.at\/index.php?rest_route=\/wp\/v2\/pages\/18\/revisions\/5387"}],"wp:attachment":[{"href":"https:\/\/www.gerhard-mangott.at\/index.php?rest_route=%2Fwp%2Fv2%2Fmedia&parent=18"}],"curies":[{"name":"wp","href":"https:\/\/api.w.org\/{rel}","templated":true}]}}