{"id":13,"date":"2014-02-26T04:20:50","date_gmt":"2014-02-26T03:20:50","guid":{"rendered":"http:\/\/www.gerhard-mangott.at\/?page_id=13"},"modified":"2026-01-20T14:09:02","modified_gmt":"2026-01-20T13:09:02","slug":"curriculum-vitae","status":"publish","type":"page","link":"https:\/\/www.gerhard-mangott.at\/?page_id=13","title":{"rendered":"Curriculum Vitae"},"content":{"rendered":"\n<div class=\"wp-block-group is-vertical is-content-justification-right is-nowrap is-layout-flex wp-container-core-group-is-layout-ebdd02bb wp-block-group-is-layout-flex\">\n<figure class=\"wp-block-image size-full\"><img loading=\"lazy\" decoding=\"async\" width=\"1010\" height=\"958\" src=\"https:\/\/www.gerhard-mangott.at\/wp-content\/uploads\/Bildschirmfoto-2026-01-17-um-21.48.12.png\" alt=\"\" class=\"wp-image-5345\" srcset=\"https:\/\/www.gerhard-mangott.at\/wp-content\/uploads\/Bildschirmfoto-2026-01-17-um-21.48.12.png 1010w, https:\/\/www.gerhard-mangott.at\/wp-content\/uploads\/Bildschirmfoto-2026-01-17-um-21.48.12-300x285.png 300w, https:\/\/www.gerhard-mangott.at\/wp-content\/uploads\/Bildschirmfoto-2026-01-17-um-21.48.12-150x142.png 150w, https:\/\/www.gerhard-mangott.at\/wp-content\/uploads\/Bildschirmfoto-2026-01-17-um-21.48.12-768x728.png 768w\" sizes=\"auto, (max-width: 1010px) 100vw, 1010px\" \/><\/figure>\n\n\n\n<div class=\"wp-block-file alignright\"><a id=\"wp-block-file--media-c969c6ef-5f11-435f-8706-e4035e1f194e\" href=\"https:\/\/www.gerhard-mangott.at\/wp-content\/uploads\/fotopool.zip\">Click here for press image<\/a><\/div>\n<\/div>\n\n\n\n<p><strong>Professional Experience<\/strong><\/p>\n\n\n\n<p>University Professor of Political Science at the University of Innsbruck since October 1st, 2015. Specialisation on International Relations and Security in the post-Soviet region.<\/p>\n\n\n\n<p>Associate Professor of Political Science at the&nbsp;<a href=\"http:\/\/www.uibk.ac.at\/index_en.pl\" target=\"_blank\" rel=\"noreferrer noopener\">University of Innsbruck<\/a>&nbsp;from&nbsp;March 2003 till September 2015.<\/p>\n\n\n\n<p>Assistant Professor at the Department of Political Science at the University of Innsbruck 2000\u20132003<\/p>\n\n\n\n<p>Scientific Adviser on Post-Soviet Affairs at the&nbsp;<a href=\"http:\/\/www.oiip.at\/oiip\/e\/\" target=\"_blank\" rel=\"noreferrer noopener\">Austrian Institute for International Affairs (OIIP)<\/a>&nbsp;from January 2009 till October 2015.<\/p>\n\n\n\n<p>Permanent and Senior Research Fellow on Eastern Europe and the former USSR at the&nbsp;<a href=\"http:\/\/www.oiip.at\/oiip\/e\/\" target=\"_blank\" rel=\"noreferrer noopener\">Austrian Institute for International Affairs (OIIP)<\/a>&nbsp;in Vienna October 1991\u2013June 2008.<\/p>\n\n\n\n<p>November 2005 till&nbsp;October 2008 Program Head on behalf of the OIIP for the Final Phase of the OIIP\/SAIS-Johns Hopkins University Project \u2018Wider Europe\u2019 (which had started back in November 2005).<\/p>\n\n\n\n<p>Lecturer at the&nbsp;<a href=\"http:\/\/www.fh-vie.ac.at\/v1\/content.aspx?CID=1,SCID=,SSCID=,PID=580,LN=DE\" target=\"_blank\" rel=\"noreferrer noopener\">University of Applied Sciences in Vienna<\/a>&nbsp;since 2004<\/p>\n\n\n\n<p>Lecturer at the&nbsp;<a href=\"http:\/\/www.da-vienna.ac.at\/\" target=\"_blank\" rel=\"noreferrer noopener\">Diplomatic Academy<\/a>&nbsp;in Vienna since 1995<\/p>\n\n\n\n<p>Lecturer at the Department for European Integration at the Donau Universit\u00e4t Krems from 2012 till 2022.<\/p>\n\n\n\n<p>Lecturer in the International Jean Monnet Summer School organised by the Jean Monnet European Centre of Excellence of the University of Trento (Italy) in collaboration with the University of Innsbruck<\/p>\n\n\n\n<p>1989\u20131991 Junior Fellow at the Department for Political Science at the University of Innsbruck<\/p>\n\n\n\n<p><strong><br>Studies<\/strong><\/p>\n\n\n\n<p>Habilitation thesis on \u201cInterne und externe Aspekte der (demokratischen) Regime\u00fcberg\u00e4nge im \u00f6stlichen Europa und im Post-Sowjetischen Raum\u201d [\u201cInternal and External Aspects of (democratic) regime change in Eastern Europe and in the Post-Soviet Region\u201d]<\/p>\n\n\n\n<p>2001 Ph.D. in Political Science, Dissertation on \u201cRussland als defekte Demokratie. Beschr\u00e4nkungen liberal-rechtsstaatlicher Demokratie in Verfassungsrecht und Verfassungswirklichkeit Russlands\u201d [Russia as a Defective Democracy: Limitations on liberal democracy in constitutional law and politics in Russia]<\/p>\n\n\n\n<p>1989 MA in Political Science, Thesis on \u201cPerestrojka \u2013 Wege zum Umbau der Sowjetunion\u201d [Perestroika \u2013 How to Reform the Soviet Union?]<\/p>\n\n\n\n<p>1984\u20131989 Studies in Political Science, History and Slavonics at the Universities of Innsbruck and Salzburg, special focus on Comparative Political Science (political systems of Eastern Europe and the USSR) and International Relations.<\/p>\n\n\n\n<p><strong><br>Faculty and University&nbsp;<\/strong><strong>Tasks<\/strong><\/p>\n\n\n\n<p>Interim Head of the Doctoral Programme \u201cPolitical Institutions and Leadership in a Contingent World\u201d from March till December 2021.<\/p>\n\n\n\n<p>Chairman of the Faculty Assembly of the Doctoral Programme \u201cPolitical Institutions and Leadership in a Contingent World\u201d June 2020-March 2021.<\/p>\n\n\n\n<p>Deputy Head of the Studies Commission of the Faculty for Social and Political Sciences February 1st, 2017-September 30th, 2019. Member of the Commission since October 10th, 2019.<\/p>\n\n\n\n<p>Dean of Studies at the Faculty of Political Science and Sociology from February 1st, 2009 till February 28th, 2013.<\/p>\n\n\n\n<p>Head of the Commission on Designing the Bologna-based new Studies at the Faculty for Political Science and Sociology, 2006-2010.<\/p>\n\n\n\n<p>Programme Director of the BA in Political Science and the MA \u2018European Politics and Society\u2019, 2007-2009.<\/p>\n\n\n\n<p>Member and Deputy Head of the Advisory Council of the Faculty of Political Science and Sociology, 2006-2009.<\/p>\n\n\n\n<p>Substitute member of the Senate of the University of Innsbruck 2016-<\/p>\n\n\n\n<p><strong>Reviewer<\/strong>&nbsp;for the \u2018Economic and Social Research Council\u2019 (ERSC), the \u2018Volkswagenstiftung\u2019, the \u2018Jubil\u00e4umsfonds\u2019 of the Austrian National Bank (OenB), the \u2018Schweizerische Nationalfonds zur F\u00f6rderung der Wissenschaftlichen Forschung\u2019, the journals \u2018Geopolitics\u2019, \u2018\u00d6ZP\u2019 (Austrian Journal on Political Science), the Italian Political Science Review,&nbsp; Deutsche Stiftung f\u00fcr Friedensforschung etc.<\/p>\n\n\n\n<p><strong>Selected Memberships<\/strong><\/p>\n\n\n\n<p>Member of the Advisory Board of the \u201cOsteuropazentrum\u201d (Centre for Eastern Europe) at the University of Innsbruck since 2023.<\/p>\n\n\n\n<p>Member of the Valdai Club since 2013 and the Valdai Club Academy since 2018. Both memberships ended in 2019.<\/p>\n\n\n\n<p>Member of the editorial board of the journal&nbsp;<em>The World Economy and International Relations&nbsp;<\/em>of the Institute for the World Economy and International Relations (IMEMO) at the Russian Academy of Sciences since November 2014.<\/p>\n\n\n\n<p>2014-2021 Member of the Board of the \u201cAustrian Service Abroad\u201d.<\/p>\n\n\n\n<p>Member of the Advisory Board of the \u2018<a href=\"http:\/\/cms.euro-info.net\/\" target=\"_blank\" rel=\"noreferrer noopener\">\u00d6sterreichische Gesellschaft f\u00fcr Europapolitik<\/a>\u2018 (Austrian Association for European Politics\u2019) since 2007.<\/p>\n\n\n\n<p>Member of the Advisory Board of the \u2018Turkish Journal of Political Science\u201d since 2017.<\/p>\n\n\n\n<p>Member of the \u2018International Advisory Board\u2019 and the \u2018Editorial Committee\u2019 of \u2018<a href=\"http:\/\/www.ibidem-verlag.de\/pdf\/Reihe_Soviet_and_Post-Soviet_Politics_and_Society.pdf\">Soviet and Post-Soviet Politics and Society<\/a>\u2018 since 2007<\/p>\n\n\n\n<p>Member of the Advisory Board of the \u2018International Center for advanced and comparative EU-Russia\/NIS research\u2019 (<a href=\"http:\/\/www.iceur-vienna.at\/\">ICEUR<\/a>) in Vienna since 2008.<\/p>\n\n\n\n<p>Member of the Advisory Council on the Black Sea Region for the University of Applied Sciences in Vienna since June 2010.<\/p>\n\n\n\n<p>Member of the International Security Research Group (ISRG) since 2005.<\/p>\n\n\n\n<p>Member of the Board of the \u201c<a href=\"http:\/\/www.oegpw.at\/\" target=\"_blank\" rel=\"noreferrer noopener\">Austrian Political Science Association<\/a>\u201d (OeGPW) until 2005; Member of the Association 1987-2007.<\/p>\n\n\n\n<p>Member of the Editorial Board of the \u201c<a href=\"http:\/\/www.oezp.at\/\" target=\"_blank\" rel=\"noreferrer noopener\">\u00d6sterreichische Zeitschrift f\u00fcr Politikwissenschaft<\/a>\u201d (OeZP)<\/p>\n\n\n\n<p>Member of the Scientific Advisory Board of the Turkish Journal of Political Science since 2018<\/p>\n\n\n\n<p>Member of the Advisory Board of<\/p>\n\n\n\n<p><strong>Member of the Advisory Board of the Turkish journal&nbsp;<\/strong><strong>The Journal of Security Strategies<\/strong>&nbsp;(G\u00fcvenlik Stratejileri Dergisi) seit 2023.<\/p>\n\n\n\n<p>Former Member of the \u201c<a href=\"http:\/\/web.utanet.at\/oega\/\" target=\"_blank\" rel=\"noreferrer noopener\">Austrian Association for Foreign Policy<\/a>\u201d (\u00d6GA)<\/p>\n\n\n\n<p>Frequent political&nbsp;<strong>consulting and briefings<\/strong>&nbsp;in Russian and international affairs for federal politicians and parties. Author of several classified papers on various topics for the Austrian federal executive and private companies.<\/p>\n\n\n\n<p><strong>Awards<\/strong><\/p>\n\n\n\n<p>The University of Applied Sciences in Vienna awarded me the title \u2018Lecturer of the Year 2006\u2019 in December 2006.<\/p>\n\n\n\n<p>Austro Twitter Award for coverage of Russia in 2022.<\/p>\n\n\n\n<p>Named \u201cPolitik-Erkl\u00e4rer des Jahres\u201d by the Austrian journalist magazine \u201cJournalist:in\u201d in December 2025.<\/p>\n\n\n\n<p><strong><br><\/strong><br><strong>I regularly teach at the Department of Political Science at the University of Innsbruck, at the Diplomatic Academy in Vienna and at the University of Applied Sciences in Vienna<\/strong>. My main courses are on Russian post-Soviet politics (both domestic and external affairs), Theories of international relations, security studies and comparative politics.<\/p>\n","protected":false},"excerpt":{"rendered":"<p>Professional Experience University Professor of Political Science at the University of Innsbruck since October 1st, 2015. Specialisation on International Relations and Security in the post-Soviet region. Associate Professor of Political Science at the&nbsp;University of Innsbruck&nbsp;from&nbsp;March 2003 till September 2015. Assistant Professor at the Department of Political Science at the University of Innsbruck 2000\u20132003 Scientific Adviser &hellip; <a href=\"https:\/\/www.gerhard-mangott.at\/?page_id=13\" class=\"more-link\">Continue reading <span class=\"screen-reader-text\">Curriculum Vitae<\/span> <span class=\"meta-nav\">&rarr;<\/span><\/a><\/p>\n","protected":false},"author":2,"featured_media":0,"parent":0,"menu_order":20,"comment_status":"closed","ping_status":"closed","template":"","meta":{"_monsterinsights_skip_tracking":false,"_monsterinsights_sitenote_active":false,"_monsterinsights_sitenote_note":"","_monsterinsights_sitenote_category":0,"footnotes":""},"class_list":["post-13","page","type-page","status-publish","hentry"],"_links":{"self":[{"href":"https:\/\/www.gerhard-mangott.at\/index.php?rest_route=\/wp\/v2\/pages\/13","targetHints":{"allow":["GET"]}}],"collection":[{"href":"https:\/\/www.gerhard-mangott.at\/index.php?rest_route=\/wp\/v2\/pages"}],"about":[{"href":"https:\/\/www.gerhard-mangott.at\/index.php?rest_route=\/wp\/v2\/types\/page"}],"author":[{"embeddable":true,"href":"https:\/\/www.gerhard-mangott.at\/index.php?rest_route=\/wp\/v2\/users\/2"}],"replies":[{"embeddable":true,"href":"https:\/\/www.gerhard-mangott.at\/index.php?rest_route=%2Fwp%2Fv2%2Fcomments&post=13"}],"version-history":[{"count":101,"href":"https:\/\/www.gerhard-mangott.at\/index.php?rest_route=\/wp\/v2\/pages\/13\/revisions"}],"predecessor-version":[{"id":5359,"href":"https:\/\/www.gerhard-mangott.at\/index.php?rest_route=\/wp\/v2\/pages\/13\/revisions\/5359"}],"wp:attachment":[{"href":"https:\/\/www.gerhard-mangott.at\/index.php?rest_route=%2Fwp%2Fv2%2Fmedia&parent=13"}],"curies":[{"name":"wp","href":"https:\/\/api.w.org\/{rel}","templated":true}]}}